{"id":434,"date":"2026-03-31T11:38:48","date_gmt":"2026-03-31T11:38:48","guid":{"rendered":"https:\/\/fixtechfactory.com\/?page_id=434"},"modified":"2026-04-01T14:25:33","modified_gmt":"2026-04-01T14:25:33","slug":"nosotros","status":"publish","type":"page","link":"https:\/\/fixtechfactory.com\/index.php\/nosotros\/","title":{"rendered":"Nosotros"},"content":{"rendered":"\t\t<div data-elementor-type=\"wp-page\" data-elementor-id=\"434\" class=\"elementor elementor-434\" data-elementor-post-type=\"page\">\n\t\t\t\t<div class=\"elementor-element elementor-element-baf654c e-con-full e-flex e-con e-parent\" data-id=\"baf654c\" data-element_type=\"container\" data-e-type=\"container\" data-settings=\"{&quot;background_background&quot;:&quot;classic&quot;}\">\n\t\t\t\t<div class=\"elementor-element elementor-element-1fcfa9b elementor-headline--style-highlight elementor-widget elementor-widget-animated-headline\" data-id=\"1fcfa9b\" data-element_type=\"widget\" data-e-type=\"widget\" data-settings=\"{&quot;marker&quot;:&quot;double_underline&quot;,&quot;highlighted_text&quot;:&quot;Sobre Fixtech Factory&quot;,&quot;headline_style&quot;:&quot;highlight&quot;,&quot;loop&quot;:&quot;yes&quot;,&quot;highlight_animation_duration&quot;:1200,&quot;highlight_iteration_delay&quot;:8000}\" data-widget_type=\"animated-headline.default\">\n\t\t\t\t\t\t\t<h1 class=\"elementor-headline\">\n\t\t\t\t<span class=\"elementor-headline-dynamic-wrapper elementor-headline-text-wrapper\">\n\t\t\t\t\t<span class=\"elementor-headline-dynamic-text elementor-headline-text-active\">Sobre Fixtech Factory<\/span>\n\t\t\t\t<\/span>\n\t\t\t\t<\/h1>\n\t\t\t\t\t\t<\/div>\n\t\t\t\t<\/div>\n\t\t<div class=\"elementor-element elementor-element-1da74c7 e-flex e-con-boxed e-con e-parent\" data-id=\"1da74c7\" data-element_type=\"container\" data-e-type=\"container\">\n\t\t\t\t\t<div class=\"e-con-inner\">\n\t\t<div class=\"elementor-element elementor-element-ad09aca e-con-full e-flex e-con e-child\" data-id=\"ad09aca\" data-element_type=\"container\" data-e-type=\"container\">\n\t\t\t\t<div class=\"elementor-element elementor-element-a829cf3 elementor-widget elementor-widget-text-editor\" data-id=\"a829cf3\" data-element_type=\"widget\" data-e-type=\"widget\" data-widget_type=\"text-editor.default\">\n\t\t\t\t\t\t\t\t\t<p>En Fixtech Factory trabajamos directamente con f\u00e1bricas y marcas l\u00edderes del sector, lo que nos permite ofrecer componentes y accesorios para dispositivos m\u00f3viles a precios realmente competitivos \u2014sin intermediarios. Manejamos marcas de prestigio como ZY, iTruColor, ITC y DD, conocidas por su calidad en pantallas y bater\u00edas para iPhone.<\/p>\t\t\t\t\t\t\t\t<\/div>\n\t\t\t\t<div class=\"elementor-element elementor-element-175b634 elementor-widget elementor-widget-text-editor\" data-id=\"175b634\" data-element_type=\"widget\" data-e-type=\"widget\" data-widget_type=\"text-editor.default\">\n\t\t\t\t\t\t\t\t\t<p>Disponemos de un amplio cat\u00e1logo compuesto por:<\/p><ul role=\"list\"><li>Pantallas para iPhone (ZY \/ iTruColor \/ DD)<\/li><li>Bater\u00edas de alta capacidad iPhone (ITC)<\/li><li>Pantallas Android compatibles<\/li><li>Pantallas Service Pack Original (Samsung, Xiaomi, entre otras)<\/li><\/ul><div>\u00a0<\/div><p>Gracias a nuestra relaci\u00f3n directa con f\u00e1brica, ofrecemos precios de origen, ideales para empresas, distribuidores y minoristas del sector tecnol\u00f3gico que buscan reducir costos y obtener productos con calidad garantizada.<\/p>\t\t\t\t\t\t\t\t<\/div>\n\t\t\t\t<div class=\"elementor-element elementor-element-8f823ca elementor-widget elementor-widget-text-editor\" data-id=\"8f823ca\" data-element_type=\"widget\" data-e-type=\"widget\" data-widget_type=\"text-editor.default\">\n\t\t\t\t\t\t\t\t\t<ul role=\"list\"><li>Nuestro compromiso es brindar soluciones eficaces y consistentes:<\/li><li>Stock permanente y actualizado<\/li><li>Pedidos al por mayor con precios de f\u00e1brica<\/li><li>Atenci\u00f3n personalizada y asesor\u00eda en compras<\/li><li>Env\u00edos r\u00e1pidos en Espa\u00f1a y Europa<\/li><\/ul><div>\u00a0<\/div><p>Creemos en relaciones comerciales s\u00f3lidas, basadas en confianza, transparencia y servicio.<br \/>Si buscas un proveedor estable, con precios directos de f\u00e1brica y productos de alta calidad, Fixtech es tu mejor aliado.<\/p>\t\t\t\t\t\t\t\t<\/div>\n\t\t\t\t<\/div>\n\t\t<div class=\"elementor-element elementor-element-6097da7 e-flex e-con-boxed e-con e-child\" data-id=\"6097da7\" data-element_type=\"container\" data-e-type=\"container\">\n\t\t\t\t\t<div class=\"e-con-inner\">\n\t\t\t\t<div class=\"elementor-element elementor-element-d577163 elementor-skin-carousel elementor-arrows-yes elementor-pagination-type-bullets elementor-pagination-position-outside elementor-widget elementor-widget-media-carousel\" data-id=\"d577163\" data-element_type=\"widget\" data-e-type=\"widget\" data-settings=\"{&quot;effect&quot;:&quot;fade&quot;,&quot;speed&quot;:390,&quot;space_between&quot;:{&quot;unit&quot;:&quot;px&quot;,&quot;size&quot;:&quot;&quot;,&quot;sizes&quot;:[]},&quot;skin&quot;:&quot;carousel&quot;,&quot;show_arrows&quot;:&quot;yes&quot;,&quot;pagination&quot;:&quot;bullets&quot;,&quot;autoplay&quot;:&quot;yes&quot;,&quot;autoplay_speed&quot;:5000,&quot;loop&quot;:&quot;yes&quot;,&quot;pause_on_hover&quot;:&quot;yes&quot;,&quot;pause_on_interaction&quot;:&quot;yes&quot;,&quot;space_between_tablet&quot;:{&quot;unit&quot;:&quot;px&quot;,&quot;size&quot;:10,&quot;sizes&quot;:[]},&quot;space_between_mobile&quot;:{&quot;unit&quot;:&quot;px&quot;,&quot;size&quot;:10,&quot;sizes&quot;:[]}}\" data-widget_type=\"media-carousel.default\">\n\t\t\t\t\t\t\t\t\t\t<div class=\"elementor-main-swiper swiper\" role=\"region\" aria-roledescription=\"carousel\" aria-label=\"Slides\">\n\t\t\t\t<div class=\"swiper-wrapper\">\n\t\t\t\t\t\t\t\t\t\t\t<div class=\"swiper-slide\" role=\"group\" aria-roledescription=\"slide\">\n\t\t\t\t\t\t\t\t\t<div class=\"elementor-carousel-image\" role=\"img\" aria-label=\"horizontal_interior2\" style=\"background-image: url(&#039;https:\/\/fixtechfactory.com\/wp-content\/uploads\/2026\/03\/horizontal_interior2.webp&#039;)\">\n\n\t\t\t\n\t\t\t\t\t<\/div>\n\t\t\t\t\t\t\t\t<\/div>\n\t\t\t\t\t\t\t\t\t\t\t<div class=\"swiper-slide\" role=\"group\" aria-roledescription=\"slide\">\n\t\t\t\t\t\t\t\t\t<div class=\"elementor-carousel-image\" role=\"img\" aria-label=\"horizontal_interior3\" style=\"background-image: url(&#039;https:\/\/fixtechfactory.com\/wp-content\/uploads\/2026\/03\/horizontal_interior3.webp&#039;)\">\n\n\t\t\t\n\t\t\t\t\t<\/div>\n\t\t\t\t\t\t\t\t<\/div>\n\t\t\t\t\t\t\t\t\t\t\t<div class=\"swiper-slide\" role=\"group\" aria-roledescription=\"slide\">\n\t\t\t\t\t\t\t\t\t<div class=\"elementor-carousel-image\" role=\"img\" aria-label=\"FOTO_FRONTAL_DIA\" style=\"background-image: url(&#039;https:\/\/fixtechfactory.com\/wp-content\/uploads\/2026\/03\/FT-FRENTE-scaled.webp&#039;)\">\n\n\t\t\t\n\t\t\t\t\t<\/div>\n\t\t\t\t\t\t\t\t<\/div>\n\t\t\t\t\t\t\t\t\t\t\t<div class=\"swiper-slide\" role=\"group\" aria-roledescription=\"slide\">\n\t\t\t\t\t\t\t\t\t<div class=\"elementor-carousel-image\" role=\"img\" aria-label=\"pantalla_ZYfullhd\" style=\"background-image: url(&#039;https:\/\/fixtechfactory.com\/wp-content\/uploads\/2026\/04\/pantalla_ZYfullhd.webp&#039;)\">\n\n\t\t\t\n\t\t\t\t\t<\/div>\n\t\t\t\t\t\t\t\t<\/div>\n\t\t\t\t\t\t\t\t\t\t\t<div class=\"swiper-slide\" role=\"group\" aria-roledescription=\"slide\">\n\t\t\t\t\t\t\t\t\t<div class=\"elementor-carousel-image\" role=\"img\" aria-label=\"pantalla_DD_OLED\" style=\"background-image: url(&#039;https:\/\/fixtechfactory.com\/wp-content\/uploads\/2026\/04\/pantalla_DD_OLED.webp&#039;)\">\n\n\t\t\t\n\t\t\t\t\t<\/div>\n\t\t\t\t\t\t\t\t<\/div>\n\t\t\t\t\t\t\t\t\t<\/div>\n\t\t\t\t\t\t\t\t\t\t\t\t\t\t\t<div class=\"elementor-swiper-button elementor-swiper-button-prev\" role=\"button\" tabindex=\"0\" aria-label=\"Previous\">\n\t\t\t\t\t\t\t<svg aria-hidden=\"true\" class=\"e-font-icon-svg e-eicon-chevron-left\" viewBox=\"0 0 1000 1000\" xmlns=\"http:\/\/www.w3.org\/2000\/svg\"><path d=\"M646 125C629 125 613 133 604 142L308 442C296 454 292 471 292 487 292 504 296 521 308 533L604 854C617 867 629 875 646 875 663 875 679 871 692 858 704 846 713 829 713 812 713 796 708 779 692 767L438 487 692 225C700 217 708 204 708 187 708 171 704 154 692 142 675 129 663 125 646 125Z\"><\/path><\/svg>\t\t\t\t\t\t<\/div>\n\t\t\t\t\t\t<div class=\"elementor-swiper-button elementor-swiper-button-next\" role=\"button\" tabindex=\"0\" aria-label=\"Next\">\n\t\t\t\t\t\t\t<svg aria-hidden=\"true\" class=\"e-font-icon-svg e-eicon-chevron-right\" viewBox=\"0 0 1000 1000\" xmlns=\"http:\/\/www.w3.org\/2000\/svg\"><path d=\"M696 533C708 521 713 504 713 487 713 471 708 454 696 446L400 146C388 133 375 125 354 125 338 125 325 129 313 142 300 154 292 171 292 187 292 204 296 221 308 233L563 492 304 771C292 783 288 800 288 817 288 833 296 850 308 863 321 871 338 875 354 875 371 875 388 867 400 854L696 533Z\"><\/path><\/svg>\t\t\t\t\t\t<\/div>\n\t\t\t\t\t\t\t\t\t\t\t\t\t\t\t\t<div class=\"swiper-pagination\"><\/div>\n\t\t\t\t\t\t\t\t\t\t\t\t<\/div>\n\t\t\t\t\t\t\t\t<\/div>\n\t\t\t\t\t<\/div>\n\t\t\t\t<\/div>\n\t\t\t\t\t<\/div>\n\t\t\t\t<\/div>\n\t\t<div class=\"elementor-element elementor-element-64aaa80 e-con-full e-flex e-con e-parent\" data-id=\"64aaa80\" data-element_type=\"container\" data-e-type=\"container\" data-settings=\"{&quot;background_background&quot;:&quot;classic&quot;}\">\n\t\t\t\t<div class=\"elementor-element elementor-element-f49af93 elementor-headline--style-rotate elementor-widget elementor-widget-animated-headline\" data-id=\"f49af93\" data-element_type=\"widget\" data-e-type=\"widget\" data-settings=\"{&quot;headline_style&quot;:&quot;rotate&quot;,&quot;animation_type&quot;:&quot;drop-in&quot;,&quot;rotating_text&quot;:&quot;\\u00bfComo empez\\u00f3\\nFixtech Factory?&quot;,&quot;rotate_iteration_delay&quot;:2000,&quot;loop&quot;:&quot;yes&quot;}\" data-widget_type=\"animated-headline.default\">\n\t\t\t\t\t\t\t<h2 class=\"elementor-headline elementor-headline-animation-type-drop-in\">\n\t\t\t\t<span class=\"elementor-headline-dynamic-wrapper elementor-headline-text-wrapper\">\n\t\t\t\t\t<span class=\"elementor-headline-dynamic-text elementor-headline-text-active\">\n\t\t\t\t\u00bfComo&nbsp;empez\u00f3\t\t\t<\/span>\n\t\t\t\t\t<span class=\"elementor-headline-dynamic-text\">\n\t\t\t\tFixtech&nbsp;Factory?\t\t\t<\/span>\n\t\t\t\t\t\t<\/span>\n\t\t\t\t<\/h2>\n\t\t\t\t\t\t<\/div>\n\t\t\t\t<\/div>\n\t\t<div class=\"elementor-element elementor-element-f89709f e-flex e-con-boxed e-con e-parent\" data-id=\"f89709f\" data-element_type=\"container\" data-e-type=\"container\">\n\t\t\t\t\t<div class=\"e-con-inner\">\n\t\t\t\t<div class=\"elementor-element elementor-element-95b8c2d elementor-widget elementor-widget-timeline-widget-addon\" data-id=\"95b8c2d\" data-element_type=\"widget\" data-e-type=\"widget\" data-widget_type=\"timeline-widget-addon.default\">\n\t\t\t\t<div class=\"elementor-widget-container\">\n\t\t\t\t\t<!-- ========= Timeline Widget Addon For Elementor 1.6.24 ========= -->\n<div id=\"twae-wrapper-95b8c2d\" class=\"twae-vertical twae-wrapper  twae-both-sided\">   \n    <div class=\"twae-start\"><\/div>    \n    <div id=\"twea-timeline-95b8c2d\" class=\"twae-timeline\" ><!-- Start of Story Repeater Content --><div id=\"story-834fbc1\" class=\"twae-story twae-repeater-item twae-story-right twae-story-no-icon\"><!-- Story Label --><div class=\"twae-labels\"><div class=\"twae-label-big\">2024<\/div><div class=\"twae-label-small\">Nace Fixtech Factory<\/div><\/div><!-- Story Icon --><div class=\"twae-icon\"><i aria-hidden=\"true\" class=\"far fa-clock\"><\/i><\/div><!-- Story Arrow --><div class=\"twae-arrow\"><\/div><!-- Start of Story Content --><div class=\"twae-content\"><!-- Story Title --><div class=\"twae-title\">Apertura y alianza con ZY<\/div><!-- Story Image --><div class=\"twae-media large\"><img fetchpriority=\"high\" decoding=\"async\" width=\"800\" height=\"417\" src=\"https:\/\/fixtechfactory.com\/wp-content\/uploads\/2026\/03\/Fixtech-logo-1024x534.png\" class=\"attachment-large size-large\" alt=\"\" srcset=\"https:\/\/fixtechfactory.com\/wp-content\/uploads\/2026\/03\/Fixtech-logo-1024x534.png 1024w, https:\/\/fixtechfactory.com\/wp-content\/uploads\/2026\/03\/Fixtech-logo-300x156.png 300w, https:\/\/fixtechfactory.com\/wp-content\/uploads\/2026\/03\/Fixtech-logo-768x401.png 768w, https:\/\/fixtechfactory.com\/wp-content\/uploads\/2026\/03\/Fixtech-logo.png 1116w\" sizes=\"(max-width: 800px) 100vw, 800px\" \/><\/div><!-- Story Description --><div class=\"twae-description\"><p>En 2024 abre sus puertas <strong data-start=\"453\" data-end=\"472\">Fixtech Factory<\/strong>, iniciando operaciones como <strong data-start=\"501\" data-end=\"553\">distribuidor autorizado en Espa\u00f1a de la marca ZY<\/strong>. Ese mismo a\u00f1o se establece un cat\u00e1logo s\u00f3lido de <strong data-start=\"604\" data-end=\"629\">pantallas para iPhone<\/strong> en calidades <strong data-start=\"643\" data-end=\"659\">HD y Full HD<\/strong>, adem\u00e1s de una amplia variedad de <strong data-start=\"694\" data-end=\"732\">pantallas compatibles para Android<\/strong>, abarcando modelos de <strong data-start=\"755\" data-end=\"787\">Samsung, Oppo, Redmi, Xiaomi<\/strong>, entre otras marcas.<\/p><\/div><\/div><\/div><!-- Story Year Label --><div class=\"twae-year twae-year-container story-year-7dc5e92\">\n\t\t\t\t\t<div class=\"twae-year-label twae-year-text\">2025<\/div>\n\t\t\t\t<\/div><!-- Start of Story Repeater Content --><div id=\"story-7dc5e92\" class=\"twae-story twae-repeater-item twae-story-left twae-story-no-icon\"><!-- Story Label --><div class=\"twae-labels\"><div class=\"twae-label-big\">Febrero<\/div><div class=\"twae-label-small\">Expansi\u00f3n del cat\u00e1logo y nuevas marcas<\/div><\/div><!-- Story Icon --><div class=\"twae-icon\"><i aria-hidden=\"true\" class=\"far fa-clock\"><\/i><\/div><!-- Story Arrow --><div class=\"twae-arrow\"><\/div><!-- Start of Story Content --><div class=\"twae-content\"><!-- Story Title --><div class=\"twae-title\">Pantallas ITruColor<\/div><!-- Story Image --><div class=\"twae-media medium_large\"><img decoding=\"async\" width=\"768\" height=\"378\" src=\"https:\/\/fixtechfactory.com\/wp-content\/uploads\/2026\/03\/horizontal_interior3-768x378.webp\" class=\"attachment-medium_large size-medium_large\" alt=\"\" srcset=\"https:\/\/fixtechfactory.com\/wp-content\/uploads\/2026\/03\/horizontal_interior3-768x378.webp 768w, https:\/\/fixtechfactory.com\/wp-content\/uploads\/2026\/03\/horizontal_interior3-300x148.webp 300w, https:\/\/fixtechfactory.com\/wp-content\/uploads\/2026\/03\/horizontal_interior3-1024x504.webp 1024w, https:\/\/fixtechfactory.com\/wp-content\/uploads\/2026\/03\/horizontal_interior3-1536x756.webp 1536w, https:\/\/fixtechfactory.com\/wp-content\/uploads\/2026\/03\/horizontal_interior3.webp 1728w\" sizes=\"(max-width: 768px) 100vw, 768px\" \/><\/div><!-- Story Description --><div class=\"twae-description\"><p data-start=\"871\" data-end=\"1220\">Durante 2025 ampliamos significativamente nuestra oferta al convertirnos en <strong data-start=\"1019\" data-end=\"1066\">distribuidores oficiales de ITruColor e ITC<\/strong>.<br data-start=\"1067\" data-end=\"1070\" \/>Incorporamos pantallas en calidades <strong data-start=\"1106\" data-end=\"1151\">HD, Full HD COF, OLED duro, OLED flexible<\/strong> y <strong data-start=\"1154\" data-end=\"1182\">pantallas de diagn\u00f3stico<\/strong><\/p><\/div><\/div><\/div><!-- Start of Story Repeater Content --><div id=\"story-5deb6bf\" class=\"twae-story twae-repeater-item twae-story-right twae-story-no-icon\"><!-- Story Label --><div class=\"twae-labels\"><div class=\"twae-label-big\">Marzo<\/div><div class=\"twae-label-small\">Incorporaci\u00f3n de Service Pack Original<\/div><\/div><!-- Story Icon --><div class=\"twae-icon\"><i aria-hidden=\"true\" class=\"far fa-clock\"><\/i><\/div><!-- Story Arrow --><div class=\"twae-arrow\"><\/div><!-- Start of Story Content --><div class=\"twae-content\"><!-- Story Title --><div class=\"twae-title\">Pantallas Service Pack Original<\/div><!-- Story Description --><div class=\"twae-description\"><p>En marzo incorporamos a nuestro cat\u00e1logo las <strong data-start=\"555\" data-end=\"590\">pantallas Service Pack Original<\/strong>, destacando que se trata de <strong data-start=\"619\" data-end=\"674\">pantallas originales de distintas marcas de m\u00f3viles<\/strong>. Esta ampliaci\u00f3n refuerza nuestra oferta premium para servicios t\u00e9cnicos que buscan repuestos 100% originales.<\/p><\/div><\/div><\/div><!-- Start of Story Repeater Content --><div id=\"story-3f0cd65\" class=\"twae-story twae-repeater-item twae-story-left twae-story-no-icon\"><!-- Story Label --><div class=\"twae-labels\"><div class=\"twae-label-big\">Mayo<\/div><div class=\"twae-label-small\">Llegan las bater\u00edas ITC<\/div><\/div><!-- Story Icon --><div class=\"twae-icon\"><i aria-hidden=\"true\" class=\"far fa-clock\"><\/i><\/div><!-- Story Arrow --><div class=\"twae-arrow\"><\/div><!-- Start of Story Content --><div class=\"twae-content\"><!-- Story Title --><div class=\"twae-title\">Bater\u00edas ITC de alta capacidad y diagn\u00f3stico<\/div><!-- Story Description --><div class=\"twae-description\"><p data-start=\"841\" data-end=\"1046\">En mayo sumamos las <strong data-start=\"939\" data-end=\"967\">bater\u00edas de la marca ITC<\/strong>, convirti\u00e9ndonos en <strong data-start=\"988\" data-end=\"1016\">distribuidores oficiales<\/strong>. A\u00f1adimos dos l\u00edneas clave:<\/p><ul data-start=\"1047\" data-end=\"1296\"><li data-section-id=\"1w1rkvl\" data-start=\"1047\" data-end=\"1104\"><strong data-start=\"1049\" data-end=\"1079\">Bater\u00edas de alta capacidad<\/strong>, para mayor autonom\u00eda.<\/li><li data-section-id=\"r46q9d\" data-start=\"1105\" data-end=\"1296\"><strong data-start=\"1107\" data-end=\"1134\">Bater\u00edas de diagn\u00f3stico<\/strong>, dise\u00f1adas para no generar mensaje de cambio de pieza.<br data-start=\"1182\" data-end=\"1185\" \/>Este avance nos permite ofrecer soluciones espec\u00edficas tanto para reparaci\u00f3n como para diagn\u00f3stico profesional.<\/li><\/ul><\/div><\/div><\/div><!-- Start of Story Repeater Content --><div id=\"story-56828f0\" class=\"twae-story twae-repeater-item twae-story-right twae-story-no-icon\"><!-- Story Label --><div class=\"twae-labels\"><div class=\"twae-label-big\">Septiembre<\/div><div class=\"twae-label-small\">Nueva l\u00ednea Strone<\/div><\/div><!-- Story Icon --><div class=\"twae-icon\"><i aria-hidden=\"true\" class=\"far fa-clock\"><\/i><\/div><!-- Story Arrow --><div class=\"twae-arrow\"><\/div><!-- Start of Story Content --><div class=\"twae-content\"><!-- Story Title --><div class=\"twae-title\">Bater\u00edas Strone de capacidad est\u00e1ndar<\/div><!-- Story Description --><div class=\"twae-description\"><p>En septiembre incorporamos las <strong data-start=\"1455\" data-end=\"1474\">bater\u00edas Strone<\/strong>, reconocidas por su estabilidad y rendimiento constante en <strong data-start=\"1534\" data-end=\"1556\">capacidad est\u00e1ndar<\/strong>. Esta adici\u00f3n nos permite cubrir todas las gamas de necesidades del mercado: est\u00e1ndar, alta capacidad y diagn\u00f3stico.<\/p><\/div><\/div><\/div><!-- Story Year Label --><div class=\"twae-year twae-year-container story-year-91f818d\">\n\t\t\t\t\t<div class=\"twae-year-label twae-year-text\">2026<\/div>\n\t\t\t\t<\/div><!-- Start of Story Repeater Content --><div id=\"story-91f818d\" class=\"twae-story twae-repeater-item twae-story-left twae-story-no-icon\"><!-- Story Label --><div class=\"twae-labels\"><div class=\"twae-label-big\">Febrero<\/div><div class=\"twae-label-small\">Bateria Diag<\/div><\/div><!-- Story Icon --><div class=\"twae-icon\"><i aria-hidden=\"true\" class=\"far fa-clock\"><\/i><\/div><!-- Story Arrow --><div class=\"twae-arrow\"><\/div><!-- Start of Story Content --><div class=\"twae-content\"><!-- Story Title --><div class=\"twae-title\">Integraci\u00f3n de DD y especializaci\u00f3n avanzada<\/div><!-- Story Image --><div class=\"twae-media large\"><img decoding=\"async\" width=\"800\" height=\"222\" src=\"https:\/\/fixtechfactory.com\/wp-content\/uploads\/2026\/03\/LogoDD_-large-1024x284.webp\" class=\"attachment-large size-large\" alt=\"\" srcset=\"https:\/\/fixtechfactory.com\/wp-content\/uploads\/2026\/03\/LogoDD_-large-1024x284.webp 1024w, https:\/\/fixtechfactory.com\/wp-content\/uploads\/2026\/03\/LogoDD_-large-300x83.webp 300w, https:\/\/fixtechfactory.com\/wp-content\/uploads\/2026\/03\/LogoDD_-large-768x213.webp 768w, https:\/\/fixtechfactory.com\/wp-content\/uploads\/2026\/03\/LogoDD_-large-1536x427.webp 1536w, https:\/\/fixtechfactory.com\/wp-content\/uploads\/2026\/03\/LogoDD_-large.webp 1728w\" sizes=\"(max-width: 800px) 100vw, 800px\" \/><\/div><!-- Story Description --><div class=\"twae-description\"><p>En 2026 incorporamos la marca <strong data-start=\"1657\" data-end=\"1663\">DD<\/strong> como <strong data-start=\"1669\" data-end=\"1699\">distribuidores autorizados<\/strong>, ampliando nuestra oferta con pantallas <strong data-start=\"1740\" data-end=\"1757\">OLED flexible<\/strong> para iPhone y nuevas <strong data-start=\"1779\" data-end=\"1805\">pantallas diagn\u00f3sticas<\/strong>, en calidades <strong data-start=\"1820\" data-end=\"1849\">OLED duro y OLED flexible<\/strong>.<br data-start=\"1850\" data-end=\"1853\" \/>Esta integraci\u00f3n fortalece nuestra capacidad t\u00e9cnica y nos permite ofrecer soluciones m\u00e1s completas, fiables y competitivas.<\/p><\/div><\/div><\/div><!-- Start of Story Repeater Content --><div id=\"story-8188e3a\" class=\"twae-story twae-repeater-item twae-story-right twae-story-no-icon\"><!-- Story Label --><div class=\"twae-labels\"><div class=\"twae-label-big\">Futuro<\/div><div class=\"twae-label-small\">Crecimiento continuo y nuevas alianzas<\/div><\/div><!-- Story Icon --><div class=\"twae-icon\"><i aria-hidden=\"true\" class=\"far fa-clock\"><\/i><\/div><!-- Story Arrow --><div class=\"twae-arrow\"><\/div><!-- Start of Story Content --><div class=\"twae-content\"><!-- Story Title --><div class=\"twae-title\">Un punto de referencia para clientes y proveedores<\/div><!-- Story Description --><div class=\"twae-description\"><p data-start=\"2042\" data-end=\"2635\">En Fixtech Factory trabajamos para consolidarnos como un <strong data-start=\"2183\" data-end=\"2219\">punto de referencia en el sector<\/strong>, tanto para clientes como para proveedores.<br data-start=\"2263\" data-end=\"2266\" \/>Nuestro objetivo es seguir ampliando nuestro cat\u00e1logo y abrir la puerta a <strong data-start=\"2340\" data-end=\"2384\">nuevas alianzas con marcas y fabricantes<\/strong>, manteniendo siempre el compromiso con la calidad, la innovaci\u00f3n y el servicio.<br data-start=\"2464\" data-end=\"2467\" \/>Continuaremos explorando nuevas l\u00edneas de productos y oportunidades de distribuci\u00f3n, con la visi\u00f3n de seguir siendo un socio estrat\u00e9gico para profesionales del mercado.<\/p><\/div><\/div><\/div><\/div>\n    <div class=\"twae-end\"><\/div>\n    <\/div><style type=\"text\/css\">@media (max-width: 1024px){ .twae-wrapper{--tw-ybx-size: 80px !important;}}@media (max-width: 767px){ .twae-wrapper{--tw-ybx-size: 80px !important}}<\/style>\t\t\t\t<\/div>\n\t\t\t\t<\/div>\n\t\t\t\t\t<\/div>\n\t\t\t\t<\/div>\n\t\t<div class=\"elementor-element elementor-element-1f74460 e-flex e-con-boxed e-con e-parent\" data-id=\"1f74460\" data-element_type=\"container\" data-e-type=\"container\" data-settings=\"{&quot;background_background&quot;:&quot;gradient&quot;}\">\n\t\t\t\t\t<div class=\"e-con-inner\">\n\t\t\t\t\t<\/div>\n\t\t\t\t<\/div>\n\t\t\t\t<\/div>\n\t\t","protected":false},"excerpt":{"rendered":"<p>Sobre Fixtech Factory En Fixtech Factory trabajamos directamente con f\u00e1bricas y marcas l\u00edderes del sector, lo que nos permite ofrecer componentes y accesorios para dispositivos m\u00f3viles a precios realmente competitivos \u2014sin intermediarios. Manejamos marcas de prestigio como ZY, iTruColor, ITC y DD, conocidas por su calidad en pantallas y bater\u00edas para iPhone. Disponemos de un [&hellip;]<\/p>\n","protected":false},"author":1,"featured_media":41,"parent":0,"menu_order":0,"comment_status":"closed","ping_status":"closed","template":"","meta":{"_acf_changed":false,"footnotes":""},"class_list":["post-434","page","type-page","status-publish","has-post-thumbnail","hentry"],"acf":[],"_links":{"self":[{"href":"https:\/\/fixtechfactory.com\/index.php\/wp-json\/wp\/v2\/pages\/434","targetHints":{"allow":["GET"]}}],"collection":[{"href":"https:\/\/fixtechfactory.com\/index.php\/wp-json\/wp\/v2\/pages"}],"about":[{"href":"https:\/\/fixtechfactory.com\/index.php\/wp-json\/wp\/v2\/types\/page"}],"author":[{"embeddable":true,"href":"https:\/\/fixtechfactory.com\/index.php\/wp-json\/wp\/v2\/users\/1"}],"replies":[{"embeddable":true,"href":"https:\/\/fixtechfactory.com\/index.php\/wp-json\/wp\/v2\/comments?post=434"}],"version-history":[{"count":179,"href":"https:\/\/fixtechfactory.com\/index.php\/wp-json\/wp\/v2\/pages\/434\/revisions"}],"predecessor-version":[{"id":688,"href":"https:\/\/fixtechfactory.com\/index.php\/wp-json\/wp\/v2\/pages\/434\/revisions\/688"}],"wp:featuredmedia":[{"embeddable":true,"href":"https:\/\/fixtechfactory.com\/index.php\/wp-json\/wp\/v2\/media\/41"}],"wp:attachment":[{"href":"https:\/\/fixtechfactory.com\/index.php\/wp-json\/wp\/v2\/media?parent=434"}],"curies":[{"name":"wp","href":"https:\/\/api.w.org\/{rel}","templated":true}]}}